{"id":2283,"date":"2021-08-10T08:51:42","date_gmt":"2021-08-10T05:51:42","guid":{"rendered":"https:\/\/stasrentacar.ro\/?page_id=2283"},"modified":"2021-10-20T12:07:09","modified_gmt":"2021-10-20T09:07:09","slug":"promotii","status":"publish","type":"page","link":"https:\/\/stasrentacar.ro\/en\/promotii\/","title":{"rendered":"Promotions"},"content":{"rendered":"<h1>\n<p><\/h1>\n<p><img decoding=\"async\" src=\"\/wp-content\/uploads\/2021\/10\/1-e1634026564987.png\" alt=\"\"><\/p>\n<div>OFERTA STAS | <strong> 9=10<\/strong><\/div>\n<h2>\n<p>La 9 zile \u00eenchiriate, cea de-<strong>a 10-a este cadou <\/strong>din partea noastr\u0103. <br \/>Bucur\u0103-te de libertate \u0219i flexibilitate!<\/p>\n<\/h2>\n<hr>\n<div>OFERTA DE FIDELITATE | <strong>10%<\/strong><\/div>\n<h2>Oferim extra <strong>10%<\/strong> reducere din pre\u021bul de \u00eenchiriere al unei ma\u0219ini pentru clien\u021bii fideli, care au \u00eencheiat cel pu\u021bin 3 contracte pe o perioad\u0103 de 6 luni!<\/h2>\n<hr>\n<p><img decoding=\"async\" src=\"\/wp-content\/uploads\/2021\/10\/1-1-e1634027004400.png\" alt=\"\"><br \/>\n<img decoding=\"async\" src=\"\/wp-content\/uploads\/2021\/10\/3-1-e1634027928137.png\" alt=\"\"><\/p>\n<div>OFERTA DE NEGOCIERE<\/div>\n<h2>\n<p>Mai mult timp, mai multe beneficii!<\/p>\n<p>La contractele pe termen lung, <strong>pre\u021burile sunt negociabile<\/strong> \u00een func\u021bie de perioada contractat\u0103.<\/p>\n<\/h2>\n<hr>\n<p><!--more--><br \/>\n<!-- {\"name\":\"Story\",\"type\":\"layout\",\"children\":[{\"type\":\"section\",\"props\":{\"style\":\"default\",\"width\":\"\",\"vertical_align\":\"middle\",\"title_position\":\"top-left\",\"title_rotation\":\"left\",\"title_breakpoint\":\"xl\",\"image_position\":\"center-center\",\"padding\":\"small\",\"padding_remove_bottom\":false,\"animation\":\"fade\",\"padding_remove_top\":false,\"video\":\"\",\"image\":\"wp-content\\\/uploads\\\/2021\\\/10\\\/nate-johnston-QY7buxIFO2M-unsplash-scaled-e1634034490303.jpg\",\"image_size\":\"cover\"},\"children\":[{\"type\":\"row\",\"children\":[{\"type\":\"column\",\"props\":{\"image_position\":\"center-center\",\"media_overlay_gradient\":\"\",\"width_medium\":\"\"},\"children\":[{\"type\":\"headline\",\"props\":{\"title_element\":\"h1\",\"content\":\"<br \\\/><br \\\/><br \\\/><br \\\/><br \\\/>\"}}]}],\"props\":{\"width\":\"default\"}}],\"name\":\"Hero\",\"modified\":\"2021-10-12T10:24:17.436Z\"},{\"type\":\"section\",\"props\":{\"style\":\"default\",\"width\":\"default\",\"vertical_align\":\"middle\",\"title_position\":\"top-left\",\"title_rotation\":\"left\",\"title_breakpoint\":\"xl\",\"image_position\":\"center-center\",\"padding\":\"small\",\"padding_remove_bottom\":false,\"animation\":\"fade\",\"padding_remove_top\":false,\"video\":\"\"},\"children\":[{\"type\":\"row\",\"props\":{\"layout\":\"1-4,3-4\",\"margin\":\"large\",\"column_gap\":\"large\",\"width\":\"large\"},\"children\":[{\"type\":\"column\",\"props\":{\"image_position\":\"center-center\",\"media_overlay_gradient\":\"\",\"width_medium\":\"1-4\"},\"children\":[{\"type\":\"image\",\"props\":{\"margin\":\"default\",\"image_svg_color\":\"emphasis\",\"image\":\"wp-content\\\/uploads\\\/2021\\\/10\\\/1-e1634026564987.png\",\"visibility\":\"s\"}}]},{\"type\":\"column\",\"props\":{\"image_position\":\"center-center\",\"media_overlay_gradient\":\"\",\"width_medium\":\"3-4\",\"vertical_align\":\"middle\"},\"children\":[{\"type\":\"headline\",\"props\":{\"title_element\":\"div\",\"content\":\"OFERTA STAS | <strong> 9=10<\\\/strong>\",\"margin_remove_top\":false,\"margin\":\"small\",\"title_style\":\"h2\",\"title_color\":\"primary\",\"animation\":\"slide-top-small\",\"margin_remove_bottom\":true}},{\"type\":\"headline\",\"props\":{\"title_element\":\"h2\",\"content\":\"\n\n<p>La 9 zile \\u00eenchiriate, cea de-<strong>a 10-a este cadou <\\\/strong>din partea noastr\\u0103. <br \\\/>Bucur\\u0103-te de libertate \\u0219i flexibilitate!<\\\/p>\",\"margin_remove_top\":false,\"margin\":\"small\",\"title_style\":\"h4\"}},{\"type\":\"divider\",\"props\":{\"divider_element\":\"hr\"}}]}]}],\"name\":\"Oferta 1\"},{\"type\":\"section\",\"props\":{\"style\":\"default\",\"width\":\"default\",\"vertical_align\":\"middle\",\"title_position\":\"top-left\",\"title_rotation\":\"left\",\"title_breakpoint\":\"xl\",\"image_position\":\"center-center\",\"padding\":\"none\",\"padding_remove_bottom\":false,\"animation\":\"fade\",\"padding_remove_top\":true,\"video\":\"\"},\"children\":[{\"type\":\"row\",\"props\":{\"layout\":\"3-4,1-4\",\"margin\":\"large\",\"column_gap\":\"large\",\"width\":\"large\"},\"children\":[{\"type\":\"column\",\"props\":{\"image_position\":\"center-center\",\"media_overlay_gradient\":\"\",\"width_medium\":\"3-4\",\"vertical_align\":\"middle\"},\"children\":[{\"type\":\"headline\",\"props\":{\"title_element\":\"div\",\"content\":\"OFERTA DE FIDELITATE | <strong>10%<\\\/strong>\",\"margin_remove_top\":false,\"margin\":\"small\",\"title_style\":\"h2\",\"title_color\":\"primary\",\"animation\":\"slide-top-small\",\"margin_remove_bottom\":true,\"text_align\":\"left\"}},{\"type\":\"headline\",\"props\":{\"title_element\":\"h2\",\"content\":\"Oferim extra <strong>10%<\\\/strong> reducere din pre\\u021bul de \\u00eenchiriere al unei ma\\u0219ini pentru clien\\u021bii fideli, care au \\u00eencheiat cel pu\\u021bin 3 contracte pe o perioad\\u0103 de 6 luni!\",\"margin_remove_top\":false,\"margin\":\"small\",\"title_style\":\"h4\"}},{\"type\":\"divider\",\"props\":{\"divider_element\":\"hr\"}}]},{\"type\":\"column\",\"props\":{\"image_position\":\"center-center\",\"media_overlay_gradient\":\"\",\"width_medium\":\"1-4\",\"vertical_align\":\"middle\"},\"children\":[{\"type\":\"image\",\"props\":{\"margin\":\"default\",\"image_svg_color\":\"emphasis\",\"image\":\"wp-content\\\/uploads\\\/2021\\\/10\\\/1-1-e1634027004400.png\",\"text_align\":\"right\",\"visibility\":\"s\"}}]}]}],\"name\":\"Oferta 2\"},{\"type\":\"section\",\"props\":{\"style\":\"default\",\"width\":\"default\",\"vertical_align\":\"middle\",\"title_position\":\"top-left\",\"title_rotation\":\"left\",\"title_breakpoint\":\"xl\",\"image_position\":\"center-center\",\"padding\":\"small\",\"padding_remove_bottom\":false,\"animation\":\"fade\",\"padding_remove_top\":false,\"video\":\"\"},\"children\":[{\"type\":\"row\",\"props\":{\"layout\":\"1-4,3-4\",\"margin\":\"large\",\"column_gap\":\"large\",\"width\":\"large\"},\"children\":[{\"type\":\"column\",\"props\":{\"image_position\":\"center-center\",\"media_overlay_gradient\":\"\",\"width_medium\":\"1-4\"},\"children\":[{\"type\":\"image\",\"props\":{\"margin\":\"default\",\"image_svg_color\":\"emphasis\",\"image\":\"wp-content\\\/uploads\\\/2021\\\/10\\\/3-1-e1634027928137.png\",\"visibility\":\"s\"}}]},{\"type\":\"column\",\"props\":{\"image_position\":\"center-center\",\"media_overlay_gradient\":\"\",\"width_medium\":\"3-4\",\"vertical_align\":\"middle\"},\"children\":[{\"type\":\"headline\",\"props\":{\"title_element\":\"div\",\"content\":\"OFERTA DE NEGOCIERE\",\"margin_remove_top\":false,\"margin\":\"small\",\"title_style\":\"h2\",\"title_color\":\"primary\",\"animation\":\"slide-top-small\",\"margin_remove_bottom\":true}},{\"type\":\"headline\",\"props\":{\"title_element\":\"h2\",\"content\":\"\n\n<p>Mai mult timp, mai multe beneficii!<\\\/p>\\n\n\n<p>La contractele pe termen lung, <strong>pre\\u021burile sunt negociabile<\\\/strong> \\u00een func\\u021bie de perioada contractat\\u0103.<\\\/p>\",\"margin_remove_top\":false,\"margin\":\"small\",\"title_style\":\"h4\"}},{\"type\":\"divider\",\"props\":{\"divider_element\":\"hr\"}}]}]}],\"name\":\"Oferta 3\"}],\"version\":\"2.6.7\"} --><\/p>\n","protected":false},"excerpt":{"rendered":"<p>OFERTA STAS | 9=10 La 9 zile \u00eenchiriate, cea de-a 10-a este cadou din partea noastr\u0103. Bucur\u0103-te de libertate \u0219i flexibilitate! OFERTA DE FIDELITATE | 10% Oferim extra 10% reducere din pre\u021bul de \u00eenchiriere al unei ma\u0219ini pentru clien\u021bii fideli, care au \u00eencheiat cel pu\u021bin 3 contracte pe o perioad\u0103 de 6 luni! OFERTA DE [&hellip;]<\/p>\n","protected":false},"author":2,"featured_media":0,"parent":0,"menu_order":0,"comment_status":"closed","ping_status":"closed","template":"","meta":{"_acf_changed":false,"footnotes":""},"class_list":["post-2283","page","type-page","status-publish","hentry"],"acf":[],"yoast_head":"<!-- This site is optimized with the Yoast SEO plugin v27.2 - https:\/\/yoast.com\/product\/yoast-seo-wordpress\/ -->\n<title>Promo\u021bii - Stas Rent a Car<\/title>\n<meta name=\"robots\" content=\"index, follow, max-snippet:-1, max-image-preview:large, max-video-preview:-1\" \/>\n<link rel=\"canonical\" href=\"https:\/\/stasrentacar.ro\/en\/promotii\/\" \/>\n<meta property=\"og:locale\" content=\"en_GB\" \/>\n<meta property=\"og:type\" content=\"article\" \/>\n<meta property=\"og:title\" content=\"Promo\u021bii - Stas Rent a Car\" \/>\n<meta property=\"og:description\" content=\"OFERTA STAS | 9=10 La 9 zile \u00eenchiriate, cea de-a 10-a este cadou din partea noastr\u0103. Bucur\u0103-te de libertate \u0219i flexibilitate! OFERTA DE FIDELITATE | 10% Oferim extra 10% reducere din pre\u021bul de \u00eenchiriere al unei ma\u0219ini pentru clien\u021bii fideli, care au \u00eencheiat cel pu\u021bin 3 contracte pe o perioad\u0103 de 6 luni! OFERTA DE [&hellip;]\" \/>\n<meta property=\"og:url\" content=\"https:\/\/stasrentacar.ro\/en\/promotii\/\" \/>\n<meta property=\"og:site_name\" content=\"Stas Rent a Car\" \/>\n<meta property=\"article:modified_time\" content=\"2021-10-20T09:07:09+00:00\" \/>\n<meta property=\"og:image\" content=\"https:\/\/stasrentacar.ro\/wp-content\/uploads\/2021\/10\/1-e1634026564987.png\" \/>\n<meta name=\"twitter:card\" content=\"summary_large_image\" \/>\n<script type=\"application\/ld+json\" class=\"yoast-schema-graph\">{\"@context\":\"https:\/\/schema.org\",\"@graph\":[{\"@type\":\"WebPage\",\"@id\":\"https:\/\/stasrentacar.ro\/promotii\/\",\"url\":\"https:\/\/stasrentacar.ro\/promotii\/\",\"name\":\"Promo\u021bii - Stas Rent a Car\",\"isPartOf\":{\"@id\":\"https:\/\/stasrentacar.ro\/#website\"},\"datePublished\":\"2021-08-10T05:51:42+00:00\",\"dateModified\":\"2021-10-20T09:07:09+00:00\",\"breadcrumb\":{\"@id\":\"https:\/\/stasrentacar.ro\/promotii\/#breadcrumb\"},\"inLanguage\":\"en-GB\",\"potentialAction\":[{\"@type\":\"ReadAction\",\"target\":[\"https:\/\/stasrentacar.ro\/promotii\/\"]}]},{\"@type\":\"BreadcrumbList\",\"@id\":\"https:\/\/stasrentacar.ro\/promotii\/#breadcrumb\",\"itemListElement\":[{\"@type\":\"ListItem\",\"position\":1,\"name\":\"Home\",\"item\":\"https:\/\/stasrentacar.ro\/\"},{\"@type\":\"ListItem\",\"position\":2,\"name\":\"Promo\u021bii\"}]},{\"@type\":\"WebSite\",\"@id\":\"https:\/\/stasrentacar.ro\/#website\",\"url\":\"https:\/\/stasrentacar.ro\/\",\"name\":\"Stas Rent a Car\",\"description\":\"\u00cenchirieri auto | Transfer aeroport\",\"publisher\":{\"@id\":\"https:\/\/stasrentacar.ro\/#organization\"},\"potentialAction\":[{\"@type\":\"SearchAction\",\"target\":{\"@type\":\"EntryPoint\",\"urlTemplate\":\"https:\/\/stasrentacar.ro\/?s={search_term_string}\"},\"query-input\":{\"@type\":\"PropertyValueSpecification\",\"valueRequired\":true,\"valueName\":\"search_term_string\"}}],\"inLanguage\":\"en-GB\"},{\"@type\":\"Organization\",\"@id\":\"https:\/\/stasrentacar.ro\/#organization\",\"name\":\"STAS rent a car Oradea\",\"url\":\"https:\/\/stasrentacar.ro\/\",\"logo\":{\"@type\":\"ImageObject\",\"inLanguage\":\"en-GB\",\"@id\":\"https:\/\/stasrentacar.ro\/#\/schema\/logo\/image\/\",\"url\":\"https:\/\/stasrentacar.ro\/wp-content\/uploads\/2021\/06\/logo-stas-master-wide-01.svg\",\"contentUrl\":\"https:\/\/stasrentacar.ro\/wp-content\/uploads\/2021\/06\/logo-stas-master-wide-01.svg\",\"width\":450,\"height\":70,\"caption\":\"STAS rent a car Oradea\"},\"image\":{\"@id\":\"https:\/\/stasrentacar.ro\/#\/schema\/logo\/image\/\"}}]}<\/script>\n<!-- \/ Yoast SEO plugin. -->","yoast_head_json":{"title":"Promo\u021bii - Stas Rent a Car","robots":{"index":"index","follow":"follow","max-snippet":"max-snippet:-1","max-image-preview":"max-image-preview:large","max-video-preview":"max-video-preview:-1"},"canonical":"https:\/\/stasrentacar.ro\/en\/promotii\/","og_locale":"en_GB","og_type":"article","og_title":"Promo\u021bii - Stas Rent a Car","og_description":"OFERTA STAS | 9=10 La 9 zile \u00eenchiriate, cea de-a 10-a este cadou din partea noastr\u0103. Bucur\u0103-te de libertate \u0219i flexibilitate! OFERTA DE FIDELITATE | 10% Oferim extra 10% reducere din pre\u021bul de \u00eenchiriere al unei ma\u0219ini pentru clien\u021bii fideli, care au \u00eencheiat cel pu\u021bin 3 contracte pe o perioad\u0103 de 6 luni! OFERTA DE [&hellip;]","og_url":"https:\/\/stasrentacar.ro\/en\/promotii\/","og_site_name":"Stas Rent a Car","article_modified_time":"2021-10-20T09:07:09+00:00","og_image":[{"url":"https:\/\/stasrentacar.ro\/wp-content\/uploads\/2021\/10\/1-e1634026564987.png","type":"","width":"","height":""}],"twitter_card":"summary_large_image","schema":{"@context":"https:\/\/schema.org","@graph":[{"@type":"WebPage","@id":"https:\/\/stasrentacar.ro\/promotii\/","url":"https:\/\/stasrentacar.ro\/promotii\/","name":"Promo\u021bii - Stas Rent a Car","isPartOf":{"@id":"https:\/\/stasrentacar.ro\/#website"},"datePublished":"2021-08-10T05:51:42+00:00","dateModified":"2021-10-20T09:07:09+00:00","breadcrumb":{"@id":"https:\/\/stasrentacar.ro\/promotii\/#breadcrumb"},"inLanguage":"en-GB","potentialAction":[{"@type":"ReadAction","target":["https:\/\/stasrentacar.ro\/promotii\/"]}]},{"@type":"BreadcrumbList","@id":"https:\/\/stasrentacar.ro\/promotii\/#breadcrumb","itemListElement":[{"@type":"ListItem","position":1,"name":"Home","item":"https:\/\/stasrentacar.ro\/"},{"@type":"ListItem","position":2,"name":"Promo\u021bii"}]},{"@type":"WebSite","@id":"https:\/\/stasrentacar.ro\/#website","url":"https:\/\/stasrentacar.ro\/","name":"Stas Rent a Car","description":"\u00cenchirieri auto | Transfer aeroport","publisher":{"@id":"https:\/\/stasrentacar.ro\/#organization"},"potentialAction":[{"@type":"SearchAction","target":{"@type":"EntryPoint","urlTemplate":"https:\/\/stasrentacar.ro\/?s={search_term_string}"},"query-input":{"@type":"PropertyValueSpecification","valueRequired":true,"valueName":"search_term_string"}}],"inLanguage":"en-GB"},{"@type":"Organization","@id":"https:\/\/stasrentacar.ro\/#organization","name":"STAS rent a car Oradea","url":"https:\/\/stasrentacar.ro\/","logo":{"@type":"ImageObject","inLanguage":"en-GB","@id":"https:\/\/stasrentacar.ro\/#\/schema\/logo\/image\/","url":"https:\/\/stasrentacar.ro\/wp-content\/uploads\/2021\/06\/logo-stas-master-wide-01.svg","contentUrl":"https:\/\/stasrentacar.ro\/wp-content\/uploads\/2021\/06\/logo-stas-master-wide-01.svg","width":450,"height":70,"caption":"STAS rent a car Oradea"},"image":{"@id":"https:\/\/stasrentacar.ro\/#\/schema\/logo\/image\/"}}]}},"jetpack_sharing_enabled":true,"_links":{"self":[{"href":"https:\/\/stasrentacar.ro\/en\/wp-json\/wp\/v2\/pages\/2283","targetHints":{"allow":["GET"]}}],"collection":[{"href":"https:\/\/stasrentacar.ro\/en\/wp-json\/wp\/v2\/pages"}],"about":[{"href":"https:\/\/stasrentacar.ro\/en\/wp-json\/wp\/v2\/types\/page"}],"author":[{"embeddable":true,"href":"https:\/\/stasrentacar.ro\/en\/wp-json\/wp\/v2\/users\/2"}],"replies":[{"embeddable":true,"href":"https:\/\/stasrentacar.ro\/en\/wp-json\/wp\/v2\/comments?post=2283"}],"version-history":[{"count":3,"href":"https:\/\/stasrentacar.ro\/en\/wp-json\/wp\/v2\/pages\/2283\/revisions"}],"predecessor-version":[{"id":2424,"href":"https:\/\/stasrentacar.ro\/en\/wp-json\/wp\/v2\/pages\/2283\/revisions\/2424"}],"wp:attachment":[{"href":"https:\/\/stasrentacar.ro\/en\/wp-json\/wp\/v2\/media?parent=2283"}],"curies":[{"name":"wp","href":"https:\/\/api.w.org\/{rel}","templated":true}]}}