{"id":23,"date":"2021-05-24T10:46:48","date_gmt":"2021-05-24T10:46:48","guid":{"rendered":"https:\/\/stasrentacar.ro\/?p=23"},"modified":"2022-04-20T10:46:44","modified_gmt":"2022-04-20T07:46:44","slug":"contact","status":"publish","type":"page","link":"https:\/\/stasrentacar.ro\/en\/contact\/","title":{"rendered":"Contact us"},"content":{"rendered":"<p><img decoding=\"async\" src=\"\/wp-content\/uploads\/2021\/06\/car-bw.svg\" alt=\"\"><\/p>\n<h1>Pre\u021burile cele mai avantajoase <br class=\"uk-hidden@s\" \/>le ve\u021bi g\u0103si la noi!<\/h1>\n<p><img decoding=\"async\" src=\"\/wp-content\/uploads\/2021\/06\/logo-stas-master-regular-negativ.svg\" alt=\"\"><\/p>\n<div>Bulverdul Felix nr. 40<br \/>\nS\u00e2nmartin &#8211; Bihor<br \/>\nRom\u00e2nia<\/div>\n<div>Telefon: <br \/><a class=\"uk-link-text\" href=\"tel:+40771312544\">+40 771 312 544<\/a> <br \/> <a class=\"uk-link-text\" href=\"tel:+40745489667\">+40 745 489 667<\/a><br \/>\nEmail: <a class=\"uk-link-text\" href=\"mailto:stasrentacar@yahoo.com\">stasrentacar@yahoo.com<\/a><\/div>\n<div>Orar de func\u021bionare<\/div>\n<div>NON-STOP<\/div>\n<div>\n<p><a href=\"https:\/\/www.facebook.com\/INCHIRIAT.AUTO\/\">Pagina noastr\u0103 de Facebook<\/a><\/p>\n<\/div>\n<div>\n<p><a href=\"https:\/\/www.instagram.com\/p\/Cbx0lHPAM2b\/?igshid=YmMyMTA2M2Y=\">Pagina noastr\u0103 de Instagram<\/a><\/p>\n<\/div>\n<div>Tarifele de \u00eenchirieri auto pentru o perioad\u0103 de peste 20 zile sunt negociabile direct cu agen\u021bii no\u0219tri.<\/div>\n<div>\n<p>47.0052,21.9741<\/p>\n<h3>STAS RENT A CAR<\/h3>\n<\/div>\n<p><!--more--><br \/>\n<!-- {\"name\":\"Contact\",\"type\":\"layout\",\"children\":[{\"type\":\"section\",\"props\":{\"style\":\"default\",\"width\":\"\",\"vertical_align\":\"middle\",\"title_position\":\"top-left\",\"title_rotation\":\"left\",\"title_breakpoint\":\"xl\",\"image_position\":\"center-center\",\"padding\":\"xlarge\",\"image\":\"wp-content\\\/uploads\\\/2022\\\/04\\\/01-1.webp\",\"image_size\":\"cover\",\"image_width\":\"1840\",\"css\":\"@media (min-width: 960px) {\\n    .el-section > div  {\\n        padding-top: 350px;\\n        padding-bottom: 350px;\\n    }\\n}\"},\"children\":[{\"type\":\"row\",\"children\":[{\"type\":\"column\",\"props\":{\"image_position\":\"center-center\",\"media_overlay_gradient\":\"\",\"width_medium\":\"1-1\",\"position_sticky_breakpoint\":\"m\"},\"children\":[{\"type\":\"image\",\"props\":{\"margin\":\"default\",\"image_svg_color\":\"emphasis\",\"position\":\"absolute\",\"position_z_index\":\"0\",\"animation\":\"parallax\",\"image\":\"wp-content\\\/uploads\\\/2021\\\/06\\\/car-bw.svg\",\"position_left\":\"150\",\"css\":\".el-image { \\n    min-width: 150px;\\n    max-width: 30vw;\\n}\",\"parallax_y_end\":\"-3vh\",\"parallax_y_start\":\"3vh\",\"image_width\":\"300\",\"position_top\":\"-80\"}}]}]}],\"name\":\"Hero\"},{\"type\":\"section\",\"props\":{\"style\":\"default\",\"width\":\"default\",\"vertical_align\":\"middle\",\"title_position\":\"top-left\",\"title_rotation\":\"left\",\"title_breakpoint\":\"xl\",\"image_position\":\"center-center\",\"padding\":\"large\"},\"children\":[{\"type\":\"row\",\"props\":{\"layout\":\"1-2,1-4,1-4|1-1,1-2,1-2\",\"margin\":\"medium\",\"margin_remove_bottom\":false},\"children\":[{\"type\":\"column\",\"props\":{\"image_position\":\"center-center\",\"media_overlay_gradient\":\"\",\"width_medium\":\"1-2\",\"width_small\":\"1-1\",\"position_sticky_breakpoint\":\"m\"},\"children\":[{\"type\":\"headline\",\"props\":{\"title_element\":\"h1\",\"title_style\":\"h3\",\"text_align\":\"left\",\"text_align_breakpoint\":\"s\",\"text_align_fallback\":\"center\",\"maxwidth\":\"large\",\"content\":\"Pre\\u021burile cele mai avantajoase <br class=\\\"uk-hidden@s\\\" \\\/>le ve\\u021bi g\\u0103si la noi!\",\"position\":\"relative\",\"position_z_index\":\"1\"}},{\"type\":\"image\",\"props\":{\"margin\":\"default\",\"image_svg_color\":\"emphasis\",\"position\":\"absolute\",\"text_align\":\"center\",\"text_align_breakpoint\":\"m\",\"text_align_fallback\":\"right\",\"animation\":\"parallax\",\"visibility\":\"s\",\"image\":\"wp-content\\\/uploads\\\/2021\\\/06\\\/logo-stas-master-regular-negativ.svg\",\"image_width\":\"600\",\"css\":\".el-image {\\n    min-width: 130px;\\n    max-width: 20vw;\\n}\",\"parallax_y_end\":\"-5vh\"}}]},{\"type\":\"column\",\"props\":{\"image_position\":\"center-center\",\"media_overlay_gradient\":\"\",\"width_medium\":\"1-4\",\"width_small\":\"1-2\",\"position_sticky_breakpoint\":\"m\"},\"children\":[{\"type\":\"text\",\"props\":{\"margin\":\"default\",\"column_breakpoint\":\"m\",\"text_align\":\"left\",\"text_align_breakpoint\":\"s\",\"text_align_fallback\":\"center\",\"content\":\"Bulverdul Felix nr. 40<br \/>\\nS\\u00e2nmartin - Bihor<br \/>\\nRom\\u00e2nia\",\"position\":\"relative\",\"position_z_index\":\"1\"}}]},{\"type\":\"column\",\"props\":{\"image_position\":\"center-center\",\"media_overlay_gradient\":\"\",\"width_medium\":\"1-4\",\"width_small\":\"1-2\",\"position_sticky_breakpoint\":\"m\"},\"children\":[{\"type\":\"text\",\"props\":{\"margin\":\"default\",\"column_breakpoint\":\"m\",\"position\":\"relative\",\"position_z_index\":\"1\",\"text_align\":\"left\",\"text_align_breakpoint\":\"s\",\"text_align_fallback\":\"center\",\"content\":\"Telefon: <br \/><a class=\\\"uk-link-text\\\" href=\\\"tel:+40771312544\\\">+40 771 312 544<\\\/a> <br \/> <a class=\\\"uk-link-text\\\" href=\\\"tel:+40745489667\\\">+40 745 489 667<\\\/a><br \/>\\nEmail: <a class=\\\"uk-link-text\\\" href=\\\"mailto:stasrentacar@yahoo.com\\\">stasrentacar@yahoo.com<\\\/a>\"}}]}]},{\"type\":\"row\",\"props\":{\"layout\":\"1-2,1-4,1-4|1-1,1-2,1-2\",\"margin\":\"small\"},\"children\":[{\"type\":\"column\",\"props\":{\"image_position\":\"center-center\",\"media_overlay_gradient\":\"\",\"width_medium\":\"1-2\",\"width_small\":\"1-1\",\"position_sticky_breakpoint\":\"m\"},\"children\":[]},{\"type\":\"column\",\"props\":{\"image_position\":\"center-center\",\"media_overlay_gradient\":\"\",\"width_medium\":\"1-4\",\"width_small\":\"1-2\",\"position_sticky_breakpoint\":\"m\"},\"children\":[{\"type\":\"headline\",\"props\":{\"title_element\":\"div\",\"margin\":\"small\",\"text_align\":\"left\",\"text_align_breakpoint\":\"s\",\"text_align_fallback\":\"center\",\"content\":\"Orar de func\\u021bionare\"}},{\"type\":\"text\",\"props\":{\"margin\":\"\",\"column_breakpoint\":\"m\",\"text_align\":\"left\",\"text_align_breakpoint\":\"s\",\"text_align_fallback\":\"center\",\"content\":\"NON-STOP\"}},{\"type\":\"list\",\"props\":{\"show_image\":true,\"show_link\":true,\"list_element\":\"ul\",\"column_breakpoint\":\"\",\"image_svg_color\":\"emphasis\",\"image_align\":\"left\",\"image_vertical_align\":true,\"list_style\":\"striped\",\"margin\":\"medium\",\"link_style\":\"text\",\"icon\":\"check\",\"list_type\":\"vertical\",\"list_horizontal_separator\":\", \",\"list_size\":\"\",\"margin_remove_top\":false,\"margin_remove_bottom\":true},\"children\":[{\"type\":\"list_item\",\"props\":{\"content\":\"Pagina noastr\\u0103 de Facebook\",\"link\":\"https:\\\/\\\/www.facebook.com\\\/INCHIRIAT.AUTO\\\/\",\"icon_color\":\"primary\",\"icon\":\"facebook\",\"link_target\":true}}],\"name\":\"Lista\"},{\"type\":\"list\",\"props\":{\"show_image\":true,\"show_link\":true,\"list_element\":\"ul\",\"column_breakpoint\":\"\",\"image_svg_color\":\"emphasis\",\"image_align\":\"left\",\"image_vertical_align\":true,\"list_style\":\"striped\",\"margin\":\"medium\",\"link_style\":\"text\",\"icon\":\"check\",\"list_type\":\"vertical\",\"list_horizontal_separator\":\", \",\"list_size\":\"\",\"margin_remove_top\":true,\"margin_remove_bottom\":true},\"children\":[{\"type\":\"list_item\",\"props\":{\"content\":\"Pagina noastr\\u0103 de Instagram\",\"link\":\"https:\\\/\\\/www.instagram.com\\\/p\\\/Cbx0lHPAM2b\\\/?igshid=YmMyMTA2M2Y=\",\"icon_color\":\"primary\",\"icon\":\"instagram\",\"link_target\":true}}],\"name\":\"Lista\"}]},{\"type\":\"column\",\"props\":{\"image_position\":\"center-center\",\"media_overlay_gradient\":\"\",\"width_medium\":\"1-4\",\"width_small\":\"1-2\",\"position_sticky_breakpoint\":\"m\"},\"children\":[{\"type\":\"text\",\"props\":{\"margin\":\"default\",\"column_breakpoint\":\"m\",\"text_align\":\"left\",\"text_align_breakpoint\":\"s\",\"text_align_fallback\":\"center\",\"content\":\"Tarifele de \\u00eenchirieri auto pentru o perioad\\u0103 de peste 20 zile sunt negociabile direct cu agen\\u021bii no\\u0219tri.\"}}]}]},{\"type\":\"row\",\"props\":{\"margin\":\"xlarge\"},\"children\":[{\"type\":\"column\",\"props\":{\"image_position\":\"center-center\",\"media_overlay_gradient\":\"\",\"width_medium\":\"1-1\",\"position_sticky_breakpoint\":\"m\"},\"children\":[{\"type\":\"map\",\"props\":{\"show_title\":true,\"type\":\"roadmap\",\"zoom\":\"14\",\"controls\":false,\"zooming\":true,\"dragging\":true,\"height\":\"500\",\"styler_lightness\":\"20\",\"styler_saturation\":\"-70\",\"styler_hue\":\"#EBEEF0\",\"show_meta\":true,\"show_content\":true,\"show_image\":true,\"show_link\":true,\"min_zoom\":0,\"max_zoom\":18,\"title_hover_style\":\"reset\",\"title_element\":\"h3\",\"meta_style\":\"meta\",\"meta_align\":\"below-title\",\"meta_element\":\"div\",\"image_svg_color\":\"emphasis\",\"link_text\":\"Read more\",\"link_style\":\"default\",\"margin\":\"default\"},\"children\":[{\"type\":\"map_item\",\"props\":{\"location\":\"47.0052,21.9741\",\"title\":\"STAS RENT A CAR\",\"content\":\"\"}}]}]}]}],\"name\":\"Contact\"}],\"version\":\"2.7.21\"} --><\/p>\n","protected":false},"excerpt":{"rendered":"<p>Pre\u021burile cele mai avantajoase le ve\u021bi g\u0103si la noi! Bulverdul Felix nr. 40 S\u00e2nmartin &#8211; Bihor Rom\u00e2nia Telefon: +40 771 312 544 +40 745 489 667 Email: stasrentacar@yahoo.com Orar de func\u021bionare NON-STOP Pagina noastr\u0103 de Facebook Pagina noastr\u0103 de Instagram Tarifele de \u00eenchirieri auto pentru o perioad\u0103 de peste 20 zile sunt negociabile direct cu [&hellip;]<\/p>\n","protected":false},"author":2,"featured_media":1054,"parent":0,"menu_order":7,"comment_status":"open","ping_status":"closed","template":"","meta":{"_acf_changed":false,"footnotes":""},"class_list":["post-23","page","type-page","status-publish","has-post-thumbnail","hentry"],"acf":[],"yoast_head":"<!-- This site is optimized with the Yoast SEO plugin v27.2 - https:\/\/yoast.com\/product\/yoast-seo-wordpress\/ -->\n<title>Contact - Stas Rent a Car<\/title>\n<meta name=\"robots\" content=\"index, follow, max-snippet:-1, max-image-preview:large, max-video-preview:-1\" \/>\n<link rel=\"canonical\" href=\"https:\/\/stasrentacar.ro\/en\/contact\/\" \/>\n<meta property=\"og:locale\" content=\"en_GB\" \/>\n<meta property=\"og:type\" content=\"article\" \/>\n<meta property=\"og:title\" content=\"Contact - Stas Rent a Car\" \/>\n<meta property=\"og:description\" content=\"Pre\u021burile cele mai avantajoase le ve\u021bi g\u0103si la noi! Bulverdul Felix nr. 40 S\u00e2nmartin &#8211; Bihor Rom\u00e2nia Telefon: +40 771 312 544 +40 745 489 667 Email: stasrentacar@yahoo.com Orar de func\u021bionare NON-STOP Pagina noastr\u0103 de Facebook Pagina noastr\u0103 de Instagram Tarifele de \u00eenchirieri auto pentru o perioad\u0103 de peste 20 zile sunt negociabile direct cu [&hellip;]\" \/>\n<meta property=\"og:url\" content=\"https:\/\/stasrentacar.ro\/en\/contact\/\" \/>\n<meta property=\"og:site_name\" content=\"Stas Rent a Car\" \/>\n<meta property=\"article:modified_time\" content=\"2022-04-20T07:46:44+00:00\" \/>\n<meta property=\"og:image\" content=\"https:\/\/stasrentacar.ro\/wp-content\/uploads\/yootheme\/landing-page.jpg\" \/>\n\t<meta property=\"og:image:width\" content=\"1220\" \/>\n\t<meta property=\"og:image:height\" content=\"800\" \/>\n\t<meta property=\"og:image:type\" content=\"image\/jpeg\" \/>\n<meta name=\"twitter:card\" content=\"summary_large_image\" \/>\n<script type=\"application\/ld+json\" class=\"yoast-schema-graph\">{\"@context\":\"https:\/\/schema.org\",\"@graph\":[{\"@type\":\"WebPage\",\"@id\":\"https:\/\/stasrentacar.ro\/contact\/\",\"url\":\"https:\/\/stasrentacar.ro\/contact\/\",\"name\":\"Contact - Stas Rent a Car\",\"isPartOf\":{\"@id\":\"https:\/\/stasrentacar.ro\/#website\"},\"primaryImageOfPage\":{\"@id\":\"https:\/\/stasrentacar.ro\/contact\/#primaryimage\"},\"image\":{\"@id\":\"https:\/\/stasrentacar.ro\/contact\/#primaryimage\"},\"thumbnailUrl\":\"https:\/\/stasrentacar.ro\/wp-content\/uploads\/yootheme\/landing-page.jpg\",\"datePublished\":\"2021-05-24T10:46:48+00:00\",\"dateModified\":\"2022-04-20T07:46:44+00:00\",\"breadcrumb\":{\"@id\":\"https:\/\/stasrentacar.ro\/contact\/#breadcrumb\"},\"inLanguage\":\"en-GB\",\"potentialAction\":[{\"@type\":\"ReadAction\",\"target\":[\"https:\/\/stasrentacar.ro\/contact\/\"]}]},{\"@type\":\"ImageObject\",\"inLanguage\":\"en-GB\",\"@id\":\"https:\/\/stasrentacar.ro\/contact\/#primaryimage\",\"url\":\"https:\/\/stasrentacar.ro\/wp-content\/uploads\/yootheme\/landing-page.jpg\",\"contentUrl\":\"https:\/\/stasrentacar.ro\/wp-content\/uploads\/yootheme\/landing-page.jpg\",\"width\":1220,\"height\":800},{\"@type\":\"BreadcrumbList\",\"@id\":\"https:\/\/stasrentacar.ro\/contact\/#breadcrumb\",\"itemListElement\":[{\"@type\":\"ListItem\",\"position\":1,\"name\":\"Home\",\"item\":\"https:\/\/stasrentacar.ro\/\"},{\"@type\":\"ListItem\",\"position\":2,\"name\":\"Contact\"}]},{\"@type\":\"WebSite\",\"@id\":\"https:\/\/stasrentacar.ro\/#website\",\"url\":\"https:\/\/stasrentacar.ro\/\",\"name\":\"Stas Rent a Car\",\"description\":\"\u00cenchirieri auto | Transfer aeroport\",\"publisher\":{\"@id\":\"https:\/\/stasrentacar.ro\/#organization\"},\"potentialAction\":[{\"@type\":\"SearchAction\",\"target\":{\"@type\":\"EntryPoint\",\"urlTemplate\":\"https:\/\/stasrentacar.ro\/?s={search_term_string}\"},\"query-input\":{\"@type\":\"PropertyValueSpecification\",\"valueRequired\":true,\"valueName\":\"search_term_string\"}}],\"inLanguage\":\"en-GB\"},{\"@type\":\"Organization\",\"@id\":\"https:\/\/stasrentacar.ro\/#organization\",\"name\":\"STAS rent a car Oradea\",\"url\":\"https:\/\/stasrentacar.ro\/\",\"logo\":{\"@type\":\"ImageObject\",\"inLanguage\":\"en-GB\",\"@id\":\"https:\/\/stasrentacar.ro\/#\/schema\/logo\/image\/\",\"url\":\"https:\/\/stasrentacar.ro\/wp-content\/uploads\/2021\/06\/logo-stas-master-wide-01.svg\",\"contentUrl\":\"https:\/\/stasrentacar.ro\/wp-content\/uploads\/2021\/06\/logo-stas-master-wide-01.svg\",\"width\":450,\"height\":70,\"caption\":\"STAS rent a car Oradea\"},\"image\":{\"@id\":\"https:\/\/stasrentacar.ro\/#\/schema\/logo\/image\/\"}}]}<\/script>\n<!-- \/ Yoast SEO plugin. -->","yoast_head_json":{"title":"Contact - Stas Rent a Car","robots":{"index":"index","follow":"follow","max-snippet":"max-snippet:-1","max-image-preview":"max-image-preview:large","max-video-preview":"max-video-preview:-1"},"canonical":"https:\/\/stasrentacar.ro\/en\/contact\/","og_locale":"en_GB","og_type":"article","og_title":"Contact - Stas Rent a Car","og_description":"Pre\u021burile cele mai avantajoase le ve\u021bi g\u0103si la noi! Bulverdul Felix nr. 40 S\u00e2nmartin &#8211; Bihor Rom\u00e2nia Telefon: +40 771 312 544 +40 745 489 667 Email: stasrentacar@yahoo.com Orar de func\u021bionare NON-STOP Pagina noastr\u0103 de Facebook Pagina noastr\u0103 de Instagram Tarifele de \u00eenchirieri auto pentru o perioad\u0103 de peste 20 zile sunt negociabile direct cu [&hellip;]","og_url":"https:\/\/stasrentacar.ro\/en\/contact\/","og_site_name":"Stas Rent a Car","article_modified_time":"2022-04-20T07:46:44+00:00","og_image":[{"width":1220,"height":800,"url":"https:\/\/stasrentacar.ro\/wp-content\/uploads\/yootheme\/landing-page.jpg","type":"image\/jpeg"}],"twitter_card":"summary_large_image","schema":{"@context":"https:\/\/schema.org","@graph":[{"@type":"WebPage","@id":"https:\/\/stasrentacar.ro\/contact\/","url":"https:\/\/stasrentacar.ro\/contact\/","name":"Contact - Stas Rent a Car","isPartOf":{"@id":"https:\/\/stasrentacar.ro\/#website"},"primaryImageOfPage":{"@id":"https:\/\/stasrentacar.ro\/contact\/#primaryimage"},"image":{"@id":"https:\/\/stasrentacar.ro\/contact\/#primaryimage"},"thumbnailUrl":"https:\/\/stasrentacar.ro\/wp-content\/uploads\/yootheme\/landing-page.jpg","datePublished":"2021-05-24T10:46:48+00:00","dateModified":"2022-04-20T07:46:44+00:00","breadcrumb":{"@id":"https:\/\/stasrentacar.ro\/contact\/#breadcrumb"},"inLanguage":"en-GB","potentialAction":[{"@type":"ReadAction","target":["https:\/\/stasrentacar.ro\/contact\/"]}]},{"@type":"ImageObject","inLanguage":"en-GB","@id":"https:\/\/stasrentacar.ro\/contact\/#primaryimage","url":"https:\/\/stasrentacar.ro\/wp-content\/uploads\/yootheme\/landing-page.jpg","contentUrl":"https:\/\/stasrentacar.ro\/wp-content\/uploads\/yootheme\/landing-page.jpg","width":1220,"height":800},{"@type":"BreadcrumbList","@id":"https:\/\/stasrentacar.ro\/contact\/#breadcrumb","itemListElement":[{"@type":"ListItem","position":1,"name":"Home","item":"https:\/\/stasrentacar.ro\/"},{"@type":"ListItem","position":2,"name":"Contact"}]},{"@type":"WebSite","@id":"https:\/\/stasrentacar.ro\/#website","url":"https:\/\/stasrentacar.ro\/","name":"Stas Rent a Car","description":"\u00cenchirieri auto | Transfer aeroport","publisher":{"@id":"https:\/\/stasrentacar.ro\/#organization"},"potentialAction":[{"@type":"SearchAction","target":{"@type":"EntryPoint","urlTemplate":"https:\/\/stasrentacar.ro\/?s={search_term_string}"},"query-input":{"@type":"PropertyValueSpecification","valueRequired":true,"valueName":"search_term_string"}}],"inLanguage":"en-GB"},{"@type":"Organization","@id":"https:\/\/stasrentacar.ro\/#organization","name":"STAS rent a car Oradea","url":"https:\/\/stasrentacar.ro\/","logo":{"@type":"ImageObject","inLanguage":"en-GB","@id":"https:\/\/stasrentacar.ro\/#\/schema\/logo\/image\/","url":"https:\/\/stasrentacar.ro\/wp-content\/uploads\/2021\/06\/logo-stas-master-wide-01.svg","contentUrl":"https:\/\/stasrentacar.ro\/wp-content\/uploads\/2021\/06\/logo-stas-master-wide-01.svg","width":450,"height":70,"caption":"STAS rent a car Oradea"},"image":{"@id":"https:\/\/stasrentacar.ro\/#\/schema\/logo\/image\/"}}]}},"jetpack_sharing_enabled":true,"_links":{"self":[{"href":"https:\/\/stasrentacar.ro\/en\/wp-json\/wp\/v2\/pages\/23","targetHints":{"allow":["GET"]}}],"collection":[{"href":"https:\/\/stasrentacar.ro\/en\/wp-json\/wp\/v2\/pages"}],"about":[{"href":"https:\/\/stasrentacar.ro\/en\/wp-json\/wp\/v2\/types\/page"}],"author":[{"embeddable":true,"href":"https:\/\/stasrentacar.ro\/en\/wp-json\/wp\/v2\/users\/2"}],"replies":[{"embeddable":true,"href":"https:\/\/stasrentacar.ro\/en\/wp-json\/wp\/v2\/comments?post=23"}],"version-history":[{"count":3,"href":"https:\/\/stasrentacar.ro\/en\/wp-json\/wp\/v2\/pages\/23\/revisions"}],"predecessor-version":[{"id":2770,"href":"https:\/\/stasrentacar.ro\/en\/wp-json\/wp\/v2\/pages\/23\/revisions\/2770"}],"wp:featuredmedia":[{"embeddable":true,"href":"https:\/\/stasrentacar.ro\/en\/wp-json\/wp\/v2\/media\/1054"}],"wp:attachment":[{"href":"https:\/\/stasrentacar.ro\/en\/wp-json\/wp\/v2\/media?parent=23"}],"curies":[{"name":"wp","href":"https:\/\/api.w.org\/{rel}","templated":true}]}}